{"id":1089,"date":"2018-03-28T17:57:47","date_gmt":"2018-03-28T17:57:47","guid":{"rendered":"http:\/\/peskatun.mikajosefine.no\/about\/nordlyshistorien-i-alta\/"},"modified":"2024-06-25T07:31:13","modified_gmt":"2024-06-25T06:31:13","slug":"nordlyshistorien-i-alta","status":"publish","type":"page","link":"https:\/\/peskatun.no\/no\/om\/nordlyshistorien-i-alta\/","title":{"rendered":"Nordlyshistorien i Alta"},"content":{"rendered":"<p>[et_pb_section fb_built=&raquo;1&#8243; _builder_version=&raquo;3.22&#8243; bb_built=&raquo;1&#8243; _i=&raquo;0&#8243; _address=&raquo;0&#8243;][et_pb_row _builder_version=&raquo;3.25&#8243; background_size=&raquo;initial&raquo; background_position=&raquo;top_left&raquo; background_repeat=&raquo;repeat&raquo; _i=&raquo;0&#8243; _address=&raquo;0.0&#8243;][et_pb_column type=&raquo;4_4&#8243; _builder_version=&raquo;3.25&#8243; custom_padding=&raquo;|||&raquo; _i=&raquo;0&#8243; _address=&raquo;0.0.0&#8243; custom_padding__hover=&raquo;|||&raquo;][et_pb_text _builder_version=&raquo;3.27.4&#8243; header_text_align=&raquo;center&raquo; text_orientation=&raquo;center&raquo; _i=&raquo;0&#8243; _address=&raquo;0.0.0.0&#8243;]<\/p>\n<h2>NORDLYSBYEN ALTA<\/h2>\n<p class=\" additional-class-1709950098  bd-no-margins bd-content-element\">Den 1. januar \u00e5r 2000 gikk Alta over fra \u00e5 v\u00e6re en bygd til \u00e5 v\u00e6re by, og samtidig tok vi navnet Nordlysbyen Alta. Alta har en lang og s\u00e6rdeles interessant nordlyshistorie bak seg, og vi har denne historien fordi her har vi de aller beste forhold for \u00e5 studere nordlyset! Nordlyset har skimret over himmelhvelvingen i uminnelige tider her i nordomr\u00e5dene og folk den gang knyttet mange forskjellige myter til dette uforklarlige naturfenomenet.<\/p>\n<p>[\/et_pb_text][\/et_pb_column][\/et_pb_row][\/et_pb_section][et_pb_section fb_built=&raquo;1&#8243; _builder_version=&raquo;3.22&#8243; bb_built=&raquo;1&#8243; _i=&raquo;1&#8243; _address=&raquo;1&#8243;][et_pb_row _builder_version=&raquo;3.25&#8243; custom_margin=&raquo;280px|||&raquo; width_unit=&raquo;off&raquo; custom_width_percent=&raquo;100%&raquo; _i=&raquo;0&#8243; _address=&raquo;1.0&#8243;][et_pb_column type=&raquo;4_4&#8243; _builder_version=&raquo;3.25&#8243; custom_padding=&raquo;|||&raquo; _i=&raquo;0&#8243; _address=&raquo;1.0.0&#8243; custom_padding__hover=&raquo;|||&raquo;][et_pb_timeline horizontal_line_color=&raquo;#0b7a89&#8243; _builder_version=&raquo;3.0.106&#8243; _i=&raquo;0&#8243; _address=&raquo;1.0.0.0&#8243;][et_pb_timeline_item title=&raquo;Fransk forbindelse&raquo; image=&raquo;https:\/\/peskatun.no\/wp-content\/uploads\/2018\/03\/1795.png&raquo; _builder_version=&raquo;3.0.106&#8243; _i=&raquo;0&#8243; _address=&raquo;1.0.0.0.0&#8243;]V\u00e5r nordlyshistorie kan vi knytte helt tilbake til den franske revolusjonen, da Hertugen av Orleans m\u00e5tte flykte fra Frankrike. I sin landflyktighet bes\u00f8kte han mange steder og oppholdt seg her i nord nesten to \u00e5r. I det herrens \u00e5r 1795 bes\u00f8kte han Nordkapp. Senere da han igjen var inne i varmen og var blitt konge av Frankrike, utstyrte han flere vitenskapelige ekspedisjoner som skulle utforske den arktiske delen av verden.<\/p>\n<p><img loading=\"lazy\" decoding=\"async\" class=\"alignnone wp-image-1017\" src=\"https:\/\/peskatun.no\/wp-content\/uploads\/2018\/03\/c850c270a459bed3e77bf320a8100614_LouisPhilippe_de_Bourbon.jpg\" alt=\"\" width=\"500\" height=\"773\" srcset=\"https:\/\/peskatun.no\/wp-content\/uploads\/2018\/03\/c850c270a459bed3e77bf320a8100614_LouisPhilippe_de_Bourbon.jpg 330w, https:\/\/peskatun.no\/wp-content\/uploads\/2018\/03\/c850c270a459bed3e77bf320a8100614_LouisPhilippe_de_Bourbon-194x300.jpg 194w\" sizes=\"(max-width: 500px) 100vw, 500px\" \/><br \/>\n[\/et_pb_timeline_item][et_pb_timeline_item title=&raquo;Bossekop&raquo; image=&raquo;https:\/\/peskatun.no\/wp-content\/uploads\/2018\/03\/1938.png&raquo; _builder_version=&raquo;3.0.106&#8243; _i=&raquo;1&#8243; _address=&raquo;1.0.0.0.1&#8243;]To franske og to svenske forskere sammen med en kunstner satte opp nordlysobservatorier i Bossekop i Alta vinteren 1838\/39.<br \/>\nUnder det f\u00f8rste internasjonale polar\u00e5r i 1882\/83 hvor 12 forskjellige land satte opp forskningsstasjoner i det sirkumpolare omr\u00e5det, var det naturlige valget for Norge sin del \u00e5 sette opp sin stasjon i nettopp Bossekop. Alta.<br \/>\nOgs\u00e5 den tyske Baschin nordlysekspedisjon valgte Bossekop, Alta som base for sin forskning vinteren 1891\/92, og det f\u00f8rste fotografiet som noen gang er blitt tatt av nordlyset ble tatt her den 5. januar 1892 av fotografen Brendel.<\/p>\n<p><img loading=\"lazy\" decoding=\"async\" class=\"alignnone wp-image-1009\" src=\"https:\/\/peskatun.no\/wp-content\/uploads\/2018\/03\/87e1929d0017265f029bdd8e3c658a43_bossekop.jpg\" alt=\"\" width=\"600\" height=\"449\" \/><br \/>\n[\/et_pb_timeline_item][et_pb_timeline_item title=&raquo;Haldde&raquo; image=&raquo;https:\/\/peskatun.no\/wp-content\/uploads\/2018\/03\/1899.png&raquo; _builder_version=&raquo;3.0.106&#8243; _i=&raquo;2&#8243; _address=&raquo;1.0.0.0.2&#8243;]Da var det kanskje ikke s\u00e5 rart at v\u00e5r egen professor Kristian Birkeland ogs\u00e5 valgte Alta som sitt sted for \u00e5 bedrive forskning og i 1899 fikk han reist verdens f\u00f8rste permanente nordlysobservatorium p\u00e5 Halddetoppen, 906 meter over havet med bistasjon p\u00e5 Talviktoppen. Sammen med sine assistenter overvintret de1899\/1900.<\/p>\n<p>I \u00e5rene 1910 til 1913 var professor St\u00f8rmer i Alta for \u00e5 bestemme h\u00f8yden p\u00e5 nordlyset og for dette form\u00e5let fotograferte han tusener p\u00e5 tusener av bilder. P\u00e5 samme tid kom ogs\u00e5 professor Vegard til Alta, han ville finne ut hvilke farger nordlyset best\u00e5r av.<\/p>\n<p><img loading=\"lazy\" decoding=\"async\" class=\"alignnone wp-image-1011\" src=\"https:\/\/peskatun.no\/wp-content\/uploads\/2018\/03\/99c8d53c93b66a182eab416cddea0870_haldde7.jpg\" alt=\"\" width=\"480\" height=\"746\" \/><br \/>\n[\/et_pb_timeline_item][et_pb_timeline_item title=&raquo;Haldde&raquo; image=&raquo;https:\/\/peskatun.no\/wp-content\/uploads\/2018\/03\/1912.png&raquo; _builder_version=&raquo;3.0.106&#8243; _i=&raquo;3&#8243; _address=&raquo;1.0.0.0.3&#8243;]Fra 1912 og helt til 1926 var observatoriet oppe p\u00e5 Haldde forskningsstasjonen for nordlys, for magnetisme, for meteorologi og for ozon og vanndamp. Stasjonen ble utvidet med et bolighus av fire leiligheter til forskerne, assistentene og familiene deres. Der oppe, nesten en kilometer over havet og en tretimers marsj til n\u00e6rmeste bebyggelse nede i K\u00e5fjord, var det et helt lite samfunn hvor barn ble f\u00f8dt og oppdratt, kvinnene holdt fortet og s\u00f8rget for stor selskapelighet, forskere og andre kom og gikk, og til og med ei ku hadde de p\u00e5 b\u00e5sen for \u00e5 f\u00e5 fersk melk!<br \/>\nSterkt i mot den siste bestyrers vilje ble stasjonen endelig lagt ned i 1926, og all aktivitet flyttet til Troms\u00f8.<\/p>\n<p><img loading=\"lazy\" decoding=\"async\" class=\"alignnone wp-image-1013\" src=\"https:\/\/peskatun.no\/wp-content\/uploads\/2018\/03\/650a2a879c1444f1b4806795e8679f8e_haldde1.jpg\" alt=\"\" width=\"450\" height=\"351\" \/><br \/>\n[\/et_pb_timeline_item][et_pb_timeline_item title=&raquo;Andre verdenskrig&raquo; image=&raquo;https:\/\/peskatun.no\/wp-content\/uploads\/2018\/03\/1944.png&raquo; _builder_version=&raquo;3.0.106&#8243; _i=&raquo;4&#8243; _address=&raquo;1.0.0.0.4&#8243;]H\u00f8sten 1944 under den brente jords taktikk ble alle bygningene brent ned av den tyske okkupasjonsh\u00e6ren og \u00f8delagt, men de sterke murene sto igjen \u2013 klar til renoveringen som ble p\u00e5begynt i 1982.<br \/>\nIgjen kan Haldde bes\u00f8kes, og den fantastiske historien som sitter i veggene der kan fortsatt f\u00f8les.<\/p>\n<p><img loading=\"lazy\" decoding=\"async\" class=\"alignnone wp-image-1019\" src=\"https:\/\/peskatun.no\/wp-content\/uploads\/2018\/03\/dd943f8415cc9f59febba1704c7677f8_haldde4.jpg\" alt=\"\" width=\"450\" height=\"339\" \/><br \/>\n[\/et_pb_timeline_item][et_pb_timeline_item title=&raquo;Nordlys og P\u00e6skatun siden 2008&#8243; image=&raquo;https:\/\/peskatun.no\/wp-content\/uploads\/2018\/03\/2008.png&raquo; _builder_version=&raquo;3.0.106&#8243; _i=&raquo;5&#8243; _address=&raquo;1.0.0.0.5&#8243;]Nordlysobservatoriet p\u00e5 P\u00e6skatun av is og sn\u00f8 ble bygget f\u00f8rste gang vinteren 2008 i samarbeid med Borealis Vinterfestival Alta. Vinteren 2009 og 2010 var astronom Knut J\u00f8rgen R\u00f8ed \u00d8degaard \u00e5 \u00e5pnet Nordlysobservatoriet med et forrykende spektakul\u00e6rt show. 2011 holdt P\u00e5l Brekke fra Norsk Romsenter et meget interessant foredrag om nordlys, solen og universet. P\u00e5l Brekke har gitt ut en bok om Solen v\u00e5r &laquo;V\u00e5r livgivende stjerne&raquo; som n\u00e5 ogs\u00e5 er kommet p\u00e5 engelsk. P\u00e5 P\u00e6skatun kan du n\u00e5 l\u00e6re om det magiske nordlyset og ikke minst den unike historien knyttet til nordlysforskningen i Alta som startet 1838-39 og nordlysobservatoriet p\u00e5 Haldde. Vi anbefaler nordlysguiding i kombinasjon med skiferguidingen.<\/p>\n<p><img loading=\"lazy\" decoding=\"async\" class=\"alignnone size-full wp-image-1015\" src=\"https:\/\/peskatun.no\/wp-content\/uploads\/2018\/03\/1395928801288.MaxSize.w-1000.h-1000.Save_.img_.jpg\" alt=\"\" width=\"1000\" height=\"666\" srcset=\"https:\/\/peskatun.no\/wp-content\/uploads\/2018\/03\/1395928801288.MaxSize.w-1000.h-1000.Save_.img_.jpg 1000w, https:\/\/peskatun.no\/wp-content\/uploads\/2018\/03\/1395928801288.MaxSize.w-1000.h-1000.Save_.img_-300x200.jpg 300w, https:\/\/peskatun.no\/wp-content\/uploads\/2018\/03\/1395928801288.MaxSize.w-1000.h-1000.Save_.img_-768x511.jpg 768w, https:\/\/peskatun.no\/wp-content\/uploads\/2018\/03\/1395928801288.MaxSize.w-1000.h-1000.Save_.img_-600x400.jpg 600w\" sizes=\"(max-width: 1000px) 100vw, 1000px\" \/><br \/>\n[\/et_pb_timeline_item][\/et_pb_timeline][\/et_pb_column][\/et_pb_row][\/et_pb_section]<\/p>\n","protected":false},"excerpt":{"rendered":"<p>[et_pb_section fb_built=&raquo;1&#8243; _builder_version=&raquo;3.22&#8243; bb_built=&raquo;1&#8243; _i=&raquo;0&#8243; _address=&raquo;0&#8243;][et_pb_row _builder_version=&raquo;3.25&#8243; background_size=&raquo;initial&raquo; background_position=&raquo;top_left&raquo; background_repeat=&raquo;repeat&raquo; _i=&raquo;0&#8243; _address=&raquo;0.0&#8243;][et_pb_column type=&raquo;4_4&#8243; _builder_version=&raquo;3.25&#8243; custom_padding=&raquo;|||&raquo; _i=&raquo;0&#8243; _address=&raquo;0.0.0&#8243; custom_padding__hover=&raquo;|||&raquo;][et_pb_text _builder_version=&raquo;3.27.4&#8243; header_text_align=&raquo;center&raquo; text_orientation=&raquo;center&raquo; _i=&raquo;0&#8243; _address=&raquo;0.0.0.0&#8243;] NORDLYSBYEN ALTA Den 1. januar \u00e5r 2000 gikk Alta over fra \u00e5 v\u00e6re en bygd til \u00e5 v\u00e6re by, og samtidig tok vi navnet Nordlysbyen Alta. Alta har en lang og s\u00e6rdeles [&hellip;]<\/p>\n","protected":false},"author":1,"featured_media":0,"parent":1063,"menu_order":0,"comment_status":"closed","ping_status":"closed","template":"","meta":{"_et_pb_use_builder":"on","_et_pb_old_content":"","_exactmetrics_skip_tracking":false,"_exactmetrics_sitenote_active":false,"_exactmetrics_sitenote_note":"","_exactmetrics_sitenote_category":0,"footnotes":""},"class_list":["post-1089","page","type-page","status-publish","hentry"],"yoast_head":"<!-- This site is optimized with the Yoast SEO plugin v23.4 - https:\/\/yoast.com\/wordpress\/plugins\/seo\/ -->\n<title>Nordlyshistorien i Alta - P\u00e6skatun<\/title>\n<meta name=\"robots\" content=\"index, follow, max-snippet:-1, max-image-preview:large, max-video-preview:-1\" \/>\n<link rel=\"canonical\" href=\"https:\/\/peskatun.no\/no\/om\/nordlyshistorien-i-alta\/\" \/>\n<meta property=\"og:locale\" content=\"nb_NO\" \/>\n<meta property=\"og:type\" content=\"article\" \/>\n<meta property=\"og:title\" content=\"Nordlyshistorien i Alta - P\u00e6skatun\" \/>\n<meta property=\"og:description\" content=\"[et_pb_section fb_built=&raquo;1&#8243; _builder_version=&raquo;3.22&#8243; bb_built=&raquo;1&#8243; _i=&raquo;0&#8243; _address=&raquo;0&#8243;][et_pb_row _builder_version=&raquo;3.25&#8243; background_size=&raquo;initial&raquo; background_position=&raquo;top_left&raquo; background_repeat=&raquo;repeat&raquo; _i=&raquo;0&#8243; _address=&raquo;0.0&#8243;][et_pb_column type=&raquo;4_4&#8243; _builder_version=&raquo;3.25&#8243; custom_padding=&raquo;|||&raquo; _i=&raquo;0&#8243; _address=&raquo;0.0.0&#8243; custom_padding__hover=&raquo;|||&raquo;][et_pb_text _builder_version=&raquo;3.27.4&#8243; header_text_align=&raquo;center&raquo; text_orientation=&raquo;center&raquo; _i=&raquo;0&#8243; _address=&raquo;0.0.0.0&#8243;] NORDLYSBYEN ALTA Den 1. januar \u00e5r 2000 gikk Alta over fra \u00e5 v\u00e6re en bygd til \u00e5 v\u00e6re by, og samtidig tok vi navnet Nordlysbyen Alta. Alta har en lang og s\u00e6rdeles [&hellip;]\" \/>\n<meta property=\"og:url\" content=\"https:\/\/peskatun.no\/no\/om\/nordlyshistorien-i-alta\/\" \/>\n<meta property=\"og:site_name\" content=\"P\u00e6skatun\" \/>\n<meta property=\"article:modified_time\" content=\"2024-06-25T06:31:13+00:00\" \/>\n<meta property=\"og:image\" content=\"https:\/\/peskatun.no\/wp-content\/uploads\/2018\/03\/c850c270a459bed3e77bf320a8100614_LouisPhilippe_de_Bourbon.jpg\" \/>\n<meta name=\"twitter:card\" content=\"summary_large_image\" \/>\n<meta name=\"twitter:label1\" content=\"Ansl. lesetid\" \/>\n\t<meta name=\"twitter:data1\" content=\"5 minutter\" \/>\n<!-- \/ Yoast SEO plugin. -->","yoast_head_json":{"title":"Nordlyshistorien i Alta - P\u00e6skatun","robots":{"index":"index","follow":"follow","max-snippet":"max-snippet:-1","max-image-preview":"max-image-preview:large","max-video-preview":"max-video-preview:-1"},"canonical":"https:\/\/peskatun.no\/no\/om\/nordlyshistorien-i-alta\/","og_locale":"nb_NO","og_type":"article","og_title":"Nordlyshistorien i Alta - P\u00e6skatun","og_description":"[et_pb_section fb_built=&raquo;1&#8243; _builder_version=&raquo;3.22&#8243; bb_built=&raquo;1&#8243; _i=&raquo;0&#8243; _address=&raquo;0&#8243;][et_pb_row _builder_version=&raquo;3.25&#8243; background_size=&raquo;initial&raquo; background_position=&raquo;top_left&raquo; background_repeat=&raquo;repeat&raquo; _i=&raquo;0&#8243; _address=&raquo;0.0&#8243;][et_pb_column type=&raquo;4_4&#8243; _builder_version=&raquo;3.25&#8243; custom_padding=&raquo;|||&raquo; _i=&raquo;0&#8243; _address=&raquo;0.0.0&#8243; custom_padding__hover=&raquo;|||&raquo;][et_pb_text _builder_version=&raquo;3.27.4&#8243; header_text_align=&raquo;center&raquo; text_orientation=&raquo;center&raquo; _i=&raquo;0&#8243; _address=&raquo;0.0.0.0&#8243;] NORDLYSBYEN ALTA Den 1. januar \u00e5r 2000 gikk Alta over fra \u00e5 v\u00e6re en bygd til \u00e5 v\u00e6re by, og samtidig tok vi navnet Nordlysbyen Alta. Alta har en lang og s\u00e6rdeles [&hellip;]","og_url":"https:\/\/peskatun.no\/no\/om\/nordlyshistorien-i-alta\/","og_site_name":"P\u00e6skatun","article_modified_time":"2024-06-25T06:31:13+00:00","og_image":[{"url":"https:\/\/peskatun.no\/wp-content\/uploads\/2018\/03\/c850c270a459bed3e77bf320a8100614_LouisPhilippe_de_Bourbon.jpg"}],"twitter_card":"summary_large_image","twitter_misc":{"Ansl. lesetid":"5 minutter"},"schema":{"@context":"https:\/\/schema.org","@graph":[{"@type":"WebPage","@id":"https:\/\/peskatun.no\/no\/om\/nordlyshistorien-i-alta\/","url":"https:\/\/peskatun.no\/no\/om\/nordlyshistorien-i-alta\/","name":"Nordlyshistorien i Alta - P\u00e6skatun","isPartOf":{"@id":"https:\/\/peskatun.no\/#website"},"primaryImageOfPage":{"@id":"https:\/\/peskatun.no\/no\/om\/nordlyshistorien-i-alta\/#primaryimage"},"image":{"@id":"https:\/\/peskatun.no\/no\/om\/nordlyshistorien-i-alta\/#primaryimage"},"thumbnailUrl":"https:\/\/peskatun.no\/wp-content\/uploads\/2018\/03\/c850c270a459bed3e77bf320a8100614_LouisPhilippe_de_Bourbon.jpg","datePublished":"2018-03-28T17:57:47+00:00","dateModified":"2024-06-25T06:31:13+00:00","breadcrumb":{"@id":"https:\/\/peskatun.no\/no\/om\/nordlyshistorien-i-alta\/#breadcrumb"},"inLanguage":"nb-NO","potentialAction":[{"@type":"ReadAction","target":["https:\/\/peskatun.no\/no\/om\/nordlyshistorien-i-alta\/"]}]},{"@type":"ImageObject","inLanguage":"nb-NO","@id":"https:\/\/peskatun.no\/no\/om\/nordlyshistorien-i-alta\/#primaryimage","url":"https:\/\/peskatun.no\/wp-content\/uploads\/2018\/03\/c850c270a459bed3e77bf320a8100614_LouisPhilippe_de_Bourbon.jpg","contentUrl":"https:\/\/peskatun.no\/wp-content\/uploads\/2018\/03\/c850c270a459bed3e77bf320a8100614_LouisPhilippe_de_Bourbon.jpg"},{"@type":"BreadcrumbList","@id":"https:\/\/peskatun.no\/no\/om\/nordlyshistorien-i-alta\/#breadcrumb","itemListElement":[{"@type":"ListItem","position":1,"name":"Home","item":"https:\/\/peskatun.no\/no\/hjem\/"},{"@type":"ListItem","position":2,"name":"Om","item":"https:\/\/peskatun.no\/no\/om\/"},{"@type":"ListItem","position":3,"name":"Nordlyshistorien i Alta"}]},{"@type":"WebSite","@id":"https:\/\/peskatun.no\/#website","url":"https:\/\/peskatun.no\/","name":"P\u00e6skatun","description":"Experience the Arctic","potentialAction":[{"@type":"SearchAction","target":{"@type":"EntryPoint","urlTemplate":"https:\/\/peskatun.no\/?s={search_term_string}"},"query-input":{"@type":"PropertyValueSpecification","valueRequired":true,"valueName":"search_term_string"}}],"inLanguage":"nb-NO"}]}},"_links":{"self":[{"href":"https:\/\/peskatun.no\/no\/wp-json\/wp\/v2\/pages\/1089"}],"collection":[{"href":"https:\/\/peskatun.no\/no\/wp-json\/wp\/v2\/pages"}],"about":[{"href":"https:\/\/peskatun.no\/no\/wp-json\/wp\/v2\/types\/page"}],"author":[{"embeddable":true,"href":"https:\/\/peskatun.no\/no\/wp-json\/wp\/v2\/users\/1"}],"replies":[{"embeddable":true,"href":"https:\/\/peskatun.no\/no\/wp-json\/wp\/v2\/comments?post=1089"}],"version-history":[{"count":0,"href":"https:\/\/peskatun.no\/no\/wp-json\/wp\/v2\/pages\/1089\/revisions"}],"up":[{"embeddable":true,"href":"https:\/\/peskatun.no\/no\/wp-json\/wp\/v2\/pages\/1063"}],"wp:attachment":[{"href":"https:\/\/peskatun.no\/no\/wp-json\/wp\/v2\/media?parent=1089"}],"curies":[{"name":"wp","href":"https:\/\/api.w.org\/{rel}","templated":true}]}}